{"id":777,"date":"2024-01-19T10:18:09","date_gmt":"2024-01-19T10:18:09","guid":{"rendered":"http:\/\/localhost:8888\/flen-wp\/?page_id=777"},"modified":"2024-05-08T12:08:42","modified_gmt":"2024-05-08T10:08:42","slug":"contact","status":"publish","type":"page","link":"https:\/\/marie-tellier.be\/index.php\/contact\/","title":{"rendered":"Restons en contact"},"content":{"rendered":"\t\t<div data-elementor-type=\"wp-page\" data-elementor-id=\"777\" class=\"elementor elementor-777\">\n\t\t\t\t<div class=\"elementor-element elementor-element-2e21815 e-con-full e-flex e-con e-parent\" data-id=\"2e21815\" data-element_type=\"container\" data-core-v316-plus=\"true\">\n\t\t\t\t<div class=\"elementor-element elementor-element-fc8af35 elementor-widget elementor-widget-single_portfolio_caption\" data-id=\"fc8af35\" data-element_type=\"widget\" data-widget_type=\"single_portfolio_caption.default\">\n\t\t\t\t<div class=\"elementor-widget-container\">\n\t\t\t\n\n\n\t<div class=\"work-hero-3\">\n                    <div class=\"image-anime parallax-image half-image\">\n                        <img decoding=\"async\" src=\"https:\/\/marie-tellier.be\/wp-content\/uploads\/2024\/01\/sail_V2.jpg\" alt=\"Sail\">\n                    <\/div>\n                    <div class=\"container\">\n                    <h1 class=\"title\">Restons en contact<\/h1>\n\t\t\t\t\t\t                    <\/div>\n                <\/div>\n\n\t\t\t\t\n\n\t\t<\/div>\n\t\t\t\t<\/div>\n\t\t\t\t<\/div>\n\t\t<div class=\"elementor-element elementor-element-3984a37 e-flex e-con-boxed e-con e-parent\" data-id=\"3984a37\" data-element_type=\"container\" data-core-v316-plus=\"true\">\n\t\t\t\t\t<div class=\"e-con-inner\">\n\t\t<div class=\"elementor-element elementor-element-b717ae1 e-con-full e-flex e-con e-child\" data-id=\"b717ae1\" data-element_type=\"container\">\n\t\t\t\t<div class=\"elementor-element elementor-element-a50ee48 elementor-widget elementor-widget-typography\" data-id=\"a50ee48\" data-element_type=\"widget\" data-widget_type=\"typography.default\">\n\t\t\t\t<div class=\"elementor-widget-container\">\n\t\t\t\n\t<h6 style=\"text-align:left\" class=\"text-anime\" >Un projet ou une collaboration <br>en t\u00eate&nbsp;?<\/h6>\n\n\n\n\t\t<\/div>\n\t\t\t\t<\/div>\n\t\t\t\t<\/div>\n\t\t<div class=\"elementor-element elementor-element-5b4289a e-con-full e-flex e-con e-child\" data-id=\"5b4289a\" data-element_type=\"container\">\n\t\t\t\t<div class=\"elementor-element elementor-element-dc1b537 elementor-widget elementor-widget-typography\" data-id=\"dc1b537\" data-element_type=\"widget\" data-widget_type=\"typography.default\">\n\t\t\t\t<div class=\"elementor-widget-container\">\n\t\t\t\n\t<p style=\"text-align:left\"  >Pr\u00eat \u00e0 t\u2019embarquer dans une collaboration cr\u00e9ative&nbsp;? Ensemble, on peut mettre nos id\u00e9es en action et cr\u00e9er quelque chose d\u2019unique. Ma touche personnelle pourrait \u00eatre exactement ce dont on a besoin pour concr\u00e9tiser tes projets.<\/p>\n\n\n\n\t\t<\/div>\n\t\t\t\t<\/div>\n\t\t\t\t<\/div>\n\t\t\t\t\t<\/div>\n\t\t\t\t<\/div>\n\t\t<div class=\"elementor-element elementor-element-cd8412b e-flex e-con-boxed e-con e-parent\" data-id=\"cd8412b\" data-element_type=\"container\" data-core-v316-plus=\"true\">\n\t\t\t\t\t<div class=\"e-con-inner\">\n\t\t<div class=\"elementor-element elementor-element-1ccadc6 e-con-full e-flex e-con e-child\" data-id=\"1ccadc6\" data-element_type=\"container\">\n\t\t\t\t<div class=\"elementor-element elementor-element-c6346d8 elementor-widget elementor-widget-typography\" data-id=\"c6346d8\" data-element_type=\"widget\" data-widget_type=\"typography.default\">\n\t\t\t\t<div class=\"elementor-widget-container\">\n\t\t\t\n\t<h6 style=\"text-align:left\" class=\"text-anime\" >Appelle-moi\n<\/h6>\n\n\n\n\t\t<\/div>\n\t\t\t\t<\/div>\n\t\t\t\t<div class=\"elementor-element elementor-element-34928bd elementor-widget elementor-widget-typography\" data-id=\"34928bd\" data-element_type=\"widget\" data-widget_type=\"typography.default\">\n\t\t\t\t<div class=\"elementor-widget-container\">\n\t\t\t\n\t\t<p style=\"text-align:left\" class=\"custom default text-anime\">+32 499 29 33 24\n<\/p>\n\t\n\n\n\t\t<\/div>\n\t\t\t\t<\/div>\n\t\t\t\t<div class=\"elementor-element elementor-element-263f3cf elementor-widget elementor-widget-typography\" data-id=\"263f3cf\" data-element_type=\"widget\" data-widget_type=\"typography.default\">\n\t\t\t\t<div class=\"elementor-widget-container\">\n\t\t\t\n\t<h6 style=\"text-align:left\" class=\"text-anime\" >\u00c9cris-moi\n<\/h6>\n\n\n\n\t\t<\/div>\n\t\t\t\t<\/div>\n\t\t\t\t<div class=\"elementor-element elementor-element-9e1ac7f elementor-widget elementor-widget-typography\" data-id=\"9e1ac7f\" data-element_type=\"widget\" data-widget_type=\"typography.default\">\n\t\t\t\t<div class=\"elementor-widget-container\">\n\t\t\t\n\t\t<p style=\"text-align:left\" class=\"custom default text-anime\">hello@marie-tellier.be\n<\/p>\n\t\n\n\n\t\t<\/div>\n\t\t\t\t<\/div>\n\t\t\t\t<\/div>\n\t\t<div class=\"elementor-element elementor-element-5135d70 e-con-full e-flex e-con e-child\" data-id=\"5135d70\" data-element_type=\"container\">\n\t\t\t\t<div class=\"elementor-element elementor-element-00e4e28 elementor-widget elementor-widget-typography\" data-id=\"00e4e28\" data-element_type=\"widget\" data-widget_type=\"typography.default\">\n\t\t\t\t<div class=\"elementor-widget-container\">\n\t\t\t\n\t<h6 style=\"text-align:left\"  >Ou remplis ce formulaire de contact<\/h6>\n\n\n\n\t\t<\/div>\n\t\t\t\t<\/div>\n\t\t\t\t<div class=\"elementor-element elementor-element-8b07b34 elementor-widget elementor-widget-shortcode\" data-id=\"8b07b34\" data-element_type=\"widget\" data-widget_type=\"shortcode.default\">\n\t\t\t\t<div class=\"elementor-widget-container\">\n\t\t\t\t\t<div class=\"elementor-shortcode\">\n<div class=\"wpcf7 no-js\" id=\"wpcf7-f845-o1\" lang=\"en-US\" dir=\"ltr\">\n<div class=\"screen-reader-response\"><p role=\"status\" aria-live=\"polite\" aria-atomic=\"true\"><\/p> <ul><\/ul><\/div>\n<form action=\"\/index.php\/wp-json\/wp\/v2\/pages\/777#wpcf7-f845-o1\" method=\"post\" class=\"wpcf7-form init\" aria-label=\"Contact form\" novalidate=\"novalidate\" data-status=\"init\">\n<div style=\"display: none;\">\n<input type=\"hidden\" name=\"_wpcf7\" value=\"845\" \/>\n<input type=\"hidden\" name=\"_wpcf7_version\" value=\"5.9.3\" \/>\n<input type=\"hidden\" name=\"_wpcf7_locale\" value=\"en_US\" \/>\n<input type=\"hidden\" name=\"_wpcf7_unit_tag\" value=\"wpcf7-f845-o1\" \/>\n<input type=\"hidden\" name=\"_wpcf7_container_post\" value=\"0\" \/>\n<input type=\"hidden\" name=\"_wpcf7_posted_data_hash\" value=\"\" \/>\n<input type=\"hidden\" name=\"_wpcf7_recaptcha_response\" value=\"\" \/>\n<\/div>\n<p><span class=\"wpcf7-form-control-wrap\" data-name=\"text-688\"><input size=\"40\" class=\"wpcf7-form-control wpcf7-text wpcf7-validates-as-required contact-bar\" aria-required=\"true\" aria-invalid=\"false\" placeholder=\"Nom\" value=\"\" type=\"text\" name=\"text-688\" \/><\/span>\n<\/p>\n<p><span class=\"wpcf7-form-control-wrap\" data-name=\"your-email\"><input size=\"40\" class=\"wpcf7-form-control wpcf7-email wpcf7-validates-as-required wpcf7-text wpcf7-validates-as-email contact-bar\" aria-required=\"true\" aria-invalid=\"false\" placeholder=\"Adresse mail\" value=\"\" type=\"email\" name=\"your-email\" \/><\/span>\n<\/p>\n<p><span class=\"wpcf7-form-control-wrap\" data-name=\"textarea-741\"><textarea cols=\"40\" rows=\"10\" class=\"wpcf7-form-control wpcf7-textarea contact-bar\" aria-invalid=\"false\" placeholder=\"Le projet\" name=\"textarea-741\"><\/textarea><\/span>\n<\/p>\n<p><input class=\"wpcf7-form-control wpcf7-submit has-spinner form-btn\" type=\"submit\" value=\"Envoyer\" \/>\n<\/p><div class=\"wpcf7-response-output\" aria-hidden=\"true\"><\/div>\n<\/form>\n<\/div>\n<\/div>\n\t\t\t\t<\/div>\n\t\t\t\t<\/div>\n\t\t\t\t<\/div>\n\t\t\t\t\t<\/div>\n\t\t\t\t<\/div>\n\t\t\t\t<\/div>\n\t\t","protected":false},"excerpt":{"rendered":"<p>Restons en contact Un projet ou une collaboration en t\u00eate&nbsp;? Pr\u00eat \u00e0 t\u2019embarquer dans une collaboration cr\u00e9ative&nbsp;? Ensemble, on peut mettre nos id\u00e9es en action et cr\u00e9er quelque chose d\u2019unique&#8230;.<\/p>\n","protected":false},"author":1,"featured_media":0,"parent":0,"menu_order":0,"comment_status":"closed","ping_status":"closed","template":"","meta":{"_acf_changed":false,"footnotes":""},"class_list":["post-777","page","type-page","status-publish","hentry"],"acf":[],"_links":{"self":[{"href":"https:\/\/marie-tellier.be\/index.php\/wp-json\/wp\/v2\/pages\/777","targetHints":{"allow":["GET"]}}],"collection":[{"href":"https:\/\/marie-tellier.be\/index.php\/wp-json\/wp\/v2\/pages"}],"about":[{"href":"https:\/\/marie-tellier.be\/index.php\/wp-json\/wp\/v2\/types\/page"}],"author":[{"embeddable":true,"href":"https:\/\/marie-tellier.be\/index.php\/wp-json\/wp\/v2\/users\/1"}],"replies":[{"embeddable":true,"href":"https:\/\/marie-tellier.be\/index.php\/wp-json\/wp\/v2\/comments?post=777"}],"version-history":[{"count":80,"href":"https:\/\/marie-tellier.be\/index.php\/wp-json\/wp\/v2\/pages\/777\/revisions"}],"predecessor-version":[{"id":2623,"href":"https:\/\/marie-tellier.be\/index.php\/wp-json\/wp\/v2\/pages\/777\/revisions\/2623"}],"wp:attachment":[{"href":"https:\/\/marie-tellier.be\/index.php\/wp-json\/wp\/v2\/media?parent=777"}],"curies":[{"name":"wp","href":"https:\/\/api.w.org\/{rel}","templated":true}]}}